{"id":1564,"date":"2020-01-25T08:49:32","date_gmt":"2020-01-25T08:49:32","guid":{"rendered":"https:\/\/dwishaventures.com\/about\/"},"modified":"2022-06-30T17:05:06","modified_gmt":"2022-06-30T11:35:06","slug":"about","status":"publish","type":"page","link":"https:\/\/dwishaventures.com\/de\/about\/","title":{"rendered":"Um"},"content":{"rendered":"<section>\n<h2>\u00dcber uns<\/h2>\n<\/section>\n<section>\n<h2><\/h2>\n<h3>UnsereVorteile<\/h3>\n<\/section>\n<section>\n<h2>Warum Sie uns w\u00e4hlen?<\/h2>\n<\/section>\n<p>            <svg xmlns=\"http:\/\/www.w3.org\/2000\/svg\" xmlns:xlink=\"http:\/\/www.w3.org\/1999\/xlink\" id=\"Layer_4\" x=\"0px\" y=\"0px\" width=\"69px\" height=\"69px\" viewbox=\"0 0 512 512\" xml:space=\"preserve\"><defs> \t<lineargradient id=\"linear-gradient\" x1=\"-0.104\" y1=\"0.406\" x2=\"0.866\" y2=\"0.852\" gradientunits=\"objectBoundingBox\"><stop offset=\"0\" stop-color=\"#6A11CB\"><\/stop><stop offset=\"1\" stop-color=\"#005BEA\"><\/stop><\/lineargradient><\/defs> <path fill-rule=\"evenodd\" clip-rule=\"evenodd\" fill=\"url(#linear-gradient)\" d=\"M494.32,241.186l-85.539,65.455 c-6.984,5.875-11.539,14.569-11.539,24.42c0,2.781,0.414,5.477,1.094,8.07c0,0,33.055,115.075,33.711,117.224 c1.273,4.039,1.953,8.343,1.953,12.812C434,492.844,414.797,512,391.125,512c-9.211,0-17.727-2.861-24.75-7.821l-14.836-10.452 v-0.016c-4.758-3.172-7.914-8.578-7.914-14.733c0-9.765,7.914-17.678,17.68-17.678c4.203,0,7.992,1.499,11.047,3.952l0.062-0.078 l4.531,3.234c1.852,1.148,3.977,1.875,6.305,1.875c6.633,0,11.992-5.359,11.992-11.991c0-1.078-0.125-2.102-0.391-3.094 c-0.086-0.312-0.102-0.516-0.102-0.617l-31.648-109.654c-1.508-5.422-2.352-11.187-2.352-17.123 c0-20.726,9.867-39.169,25.156-50.871c0.125-0.109,0.164-0.164,0.273-0.25l81.719-62.986c2.945-2.188,4.844-5.687,4.844-9.625 c0-6.632-5.359-12.006-11.992-12.006c-0.828,0-1.109-0.047-0.969-0.109H358.953c-27.484-0.578-50.711-18.334-59.219-43.043 l-1.852-5.289c-0.352-0.992-0.727-2.062-1.031-2.968l-30.977-88.438c-0.508-1.336-1.172-2.633-2.242-3.703 c-4.141-4.148-10.883-4.148-15.023,0c-1.234,1.234-2.102,2.695-2.594,4.242c-0.062,0.203-0.086,0.086-0.125,0.14l-30.664,87.508 c-0.516,1.445-1.07,3.07-1.625,4.703l-1.336,3.765c-8.477,24.725-31.719,42.504-59.227,43.083H52.219 c0.141,0.062-0.148,0.109-0.969,0.109c-6.617,0-12,5.375-12,12.006c0,3.938,1.898,7.437,4.844,9.625l81.727,62.986 c0.102,0.086,0.141,0.141,0.266,0.25c15.289,11.702,25.164,30.146,25.164,50.871c0,5.937-0.844,11.701-2.352,17.123L117.25,454.581 c0,0.102-0.023,0.305-0.109,0.617c-0.242,0.992-0.391,2.016-0.391,3.094c0,6.632,5.383,11.991,11.992,11.991 c2.312,0,4.453-0.727,6.289-1.859l83.578-59.604c0.039-0.023,0.078-0.039,0.125-0.062c10.32-7.397,22.992-11.788,36.656-11.913 c0.164,0,0.328-0.039,0.492-0.039c0.023,0,0.039,0,0.062,0s0.039,0,0.062,0v0.023c9.133,0.078,16.484,7.461,16.484,16.585 c0,9.147-7.352,16.521-16.484,16.607v0.023c-3.336,0-6.391,1.047-8.961,2.781l-101.484,71.393c-6.969,4.944-15.5,7.782-24.688,7.782 c-23.68,0-42.883-19.156-42.883-42.834c0-4.469,0.68-8.772,1.961-12.812c0.656-2.148,33.711-117.224,33.711-117.224 c0.68-2.594,1.086-5.289,1.086-8.07c0-9.851-4.547-18.584-11.555-24.443L17.594,241.1C6.883,232.796,0,219.898,0,205.314 c0-24.998,20.258-45.254,45.25-45.254c0.062,0,0.102,0,0.164,0l104.867-0.102c13.227-0.531,24.352-9.022,28.703-20.787 c0,0,39.172-107.741,41.297-113.842c1.828-5.187,4.82-10.077,8.984-14.233c14.773-14.795,38.758-14.795,53.547,0 c4.086,4.054,7.031,8.835,8.867,13.929c1.977,5.523,41.336,114.169,41.336,114.169c4.391,11.78,15.516,20.232,28.703,20.764 l104.859,0.102c0.062,0,0.109,0,0.172,0c24.992,0,45.25,20.256,45.25,45.254C512,219.938,505.055,232.897,494.32,241.186 L494.32,241.186z M311.992,432.036c8.844,0,16.016,7.172,16.016,16.015c0,8.835-7.172,15.99-16.016,15.99 c-8.836,0-15.984-7.155-15.984-15.99C296.008,439.208,303.156,432.036,311.992,432.036L311.992,432.036z\"><\/path> <\/svg><\/p>\n<section>\n<h2>Erstklassiges Design<\/h2>\n<p>Unsere Mission ist es, durch eine Vielzahl von Kursen qualitativ hochwertigen Englischunterricht anzubieten.<\/p>\n<\/section>\n<p>            <svg xmlns=\"http:\/\/www.w3.org\/2000\/svg\" xmlns:xlink=\"http:\/\/www.w3.org\/1999\/xlink\" id=\"Layer_6\" x=\"0px\" y=\"0px\" width=\"68px\" height=\"98px\" viewbox=\"0 0 512 512\" xml:space=\"preserve\"> <defs> \t<lineargradient id=\"linear-gradient\" x1=\"-0.104\" y1=\"0.406\" x2=\"0.866\" y2=\"0.852\" gradientunits=\"objectBoundingBox\"><stop offset=\"0\" stop-color=\"#6A11CB\"><\/stop><stop offset=\"1\" stop-color=\"#005BEA\"><\/stop><\/lineargradient><\/defs> <path fill-rule=\"evenodd\" clip-rule=\"evenodd\" fill=\"url(#linear-gradient)\" d=\"M272,448c0,8.836-7.164,16-16,16s-16-7.164-16-16s7.164-16,16-16 S272,439.164,272,448z M352,512H160c-35.348,0-64-28.656-64-64V240c0-8.836,7.164-16,16-16s16,7.164,16,16v208 c0,17.672,14.328,32,32,32h192c17.672,0,32-14.328,32-32v-16c0-8.836-7.164-16-16-16H176c-8.836,0-16-7.164-16-16s7.164-16,16-16 h200c19.352,0,35.484,13.742,39.195,32H416v32C416,483.344,387.344,512,352,512z M128,176c0,8.836-7.164,16-16,16s-16-7.164-16-16 s7.164-16,16-16S128,167.164,128,176z M400,352c-8.836,0-16-7.164-16-16V64c0-17.672-14.328-32-32-32H160c-17.672,0-32,14.328-32,32 v16c0,8.836,7.164,16,16,16h192c8.836,0,16,7.164,16,16s-7.164,16-16,16H136c-22.09,0-40-17.906-40-40V64c0-35.344,28.652-64,64-64 h192c35.344,0,64,28.656,64,64v272C416,344.836,408.836,352,400,352z\"><\/path> <\/svg><\/p>\n<section>\n<h2>Mobilfreundlich<\/h2>\n<p>Unsere Mission ist es, durch eine Vielzahl von Kursen qualitativ hochwertigen Englischunterricht anzubieten.<\/p>\n<\/section>\n<section style=\"\">\n            <img loading=\"lazy\" decoding=\"async\" width=\"1024\" height=\"1007\" src=\"https:\/\/demo.phlox.pro\/corporate-pro\/wp-content\/uploads\/sites\/150\/2020\/02\/Mask-Group-42222@2x-1024x1007.jpg\" alt=\"Mask Group 42222@2x\" srcset=\"https:\/\/demo.phlox.pro\/corporate-pro\/wp-content\/uploads\/sites\/150\/2020\/02\/Mask-Group-42222@2x-150x150.jpg 150w,https:\/\/demo.phlox.pro\/corporate-pro\/wp-content\/uploads\/sites\/150\/2020\/02\/Mask-Group-42222@2x-300x300.jpg 300w,https:\/\/demo.phlox.pro\/corporate-pro\/wp-content\/uploads\/sites\/150\/2020\/02\/Mask-Group-42222@2x-768x768.jpg 768w,https:\/\/demo.phlox.pro\/corporate-pro\/wp-content\/uploads\/sites\/150\/2020\/02\/Mask-Group-42222@2x-1024x1007.jpg 1024w,https:\/\/demo.phlox.pro\/corporate-pro\/wp-content\/uploads\/sites\/150\/2020\/02\/Mask-Group-42222@2x-1024x1007.jpg 1024w\" data-ratio=\"1\" data-original-w=\"1121\" sizes=\"auto, (max-width:479px) 480px,(max-width:767px) 768px,(max-width:1023px) 1024px,1024px\"><br \/>\n<\/section>\n<p><!-- widget-container --><\/p>\n<section style=\"\">\n            <img loading=\"lazy\" decoding=\"async\" width=\"1373\" height=\"1173\" src=\"https:\/\/demo.phlox.pro\/corporate-pro\/wp-content\/uploads\/sites\/150\/2020\/02\/Mask-Group-43@2x.jpg\" alt=\"Mask Group 43@2x\" data-ratio=\"1.17\" data-original-w=\"1373\"><br \/>\n<\/section>\n<p><!-- widget-container --><\/p>\n<section>\n<h2><\/h2>\n<h3>Wer wir sind<\/h3>\n<\/section>\n<section>\n<h2>Die engagierten Spezialdienste<\/h2>\n<p>Lorem ipsum dolor sit amet, consectetur adipiscing elit. Donec turpis dolor, mit malesuada non leo a, vehicula ornare nibh. Integer eget bibendum nulla, erforderliche Hendrerit Magna. Nunc vitae ipsum interdum, varius magna ut, sollicitudin nunc. Pellentesque habitant morbi tristique senectus et.Lorem ipsum dolor sit amet, consectetur adipiscing elit. Donec turpis.<\/p>\n<\/section>\n<section>\n<h2><\/h2>\n<h3>UNSEREF\u00e4higkeit<\/h3>\n<\/section>\n<section>\n<h2>Die f\u00fchrende Quelle f\u00fcr unser K\u00f6nnen<\/h2>\n<p>Lorem ipsum dolor sit amet, consectetur adipiscing elit. Donec turpis dolor, mit malesuada non leo a, vehicula ornare nibh. Integer eget bibendum nulla, erforderliche Hendrerit Magna. Nunc vitae ipsum interdum,<\/p>\n<\/section>\n<section style=\"\">\n<h4>Marketing Online<\/h4>\n<p>80%<\/p>\n<\/section>\n<p><!-- widget-container --><\/p>\n<section style=\"\">\n<h4>Gesch\u00e4ftlich liefern<\/h4>\n<p>70%<\/p>\n<\/section>\n<p><!-- widget-container --><\/p>\n<section style=\"\">\n<h4>Designberater<\/h4>\n<p>90%<\/p>\n<\/section>\n<p><!-- widget-container --><\/p>\n<section style=\"\">\n<h4>Designberater<\/h4>\n<p>75%<\/p>\n<\/section>\n<p><!-- widget-container --><\/p>","protected":false},"excerpt":{"rendered":"<p>\u00dcber uns UNSERE VORTEILE Warum Sie sich f\u00fcr uns entscheiden sollten? Erstklassiges Design Unsere Mission ist es, qualitativ hochwertigen Englischunterricht durch eine Vielzahl von Kursen anzubieten. Mobilfreundlich Unsere Mission ist es, \u2026<\/p>","protected":false},"author":1,"featured_media":1764,"parent":0,"menu_order":0,"comment_status":"closed","ping_status":"closed","template":"","meta":{"footnotes":""},"class_list":["post-1564","page","type-page","status-publish","has-post-thumbnail","hentry"],"_links":{"self":[{"href":"https:\/\/dwishaventures.com\/de\/wp-json\/wp\/v2\/pages\/1564","targetHints":{"allow":["GET"]}}],"collection":[{"href":"https:\/\/dwishaventures.com\/de\/wp-json\/wp\/v2\/pages"}],"about":[{"href":"https:\/\/dwishaventures.com\/de\/wp-json\/wp\/v2\/types\/page"}],"author":[{"embeddable":true,"href":"https:\/\/dwishaventures.com\/de\/wp-json\/wp\/v2\/users\/1"}],"replies":[{"embeddable":true,"href":"https:\/\/dwishaventures.com\/de\/wp-json\/wp\/v2\/comments?post=1564"}],"version-history":[{"count":1,"href":"https:\/\/dwishaventures.com\/de\/wp-json\/wp\/v2\/pages\/1564\/revisions"}],"predecessor-version":[{"id":1767,"href":"https:\/\/dwishaventures.com\/de\/wp-json\/wp\/v2\/pages\/1564\/revisions\/1767"}],"wp:featuredmedia":[{"embeddable":true,"href":"https:\/\/dwishaventures.com\/de\/wp-json\/wp\/v2\/media\/1764"}],"wp:attachment":[{"href":"https:\/\/dwishaventures.com\/de\/wp-json\/wp\/v2\/media?parent=1564"}],"curies":[{"name":"wp","href":"https:\/\/api.w.org\/{rel}","templated":true}]}}