{"id":1785,"date":"2023-06-01T09:16:14","date_gmt":"2023-06-01T04:16:14","guid":{"rendered":"https:\/\/dwishaventures.com\/?page_id=1785"},"modified":"2023-06-02T21:01:36","modified_gmt":"2023-06-02T15:31:36","slug":"current-opportunity","status":"publish","type":"page","link":"https:\/\/dwishaventures.com\/de\/current-opportunity\/","title":{"rendered":"Aktuelle Gelegenheit"},"content":{"rendered":"\n<h2 class=\"wp-block-heading has-vivid-green-cyan-color has-text-color has-x-large-font-size\" style=\"font-style:normal;font-weight:700\">International Accounting Training with Confirmed Job<\/h2>\n\n\n\n<h2 class=\"wp-block-heading\">Summary<\/h2>\n\n\n\n<p>Work for Malaysian audit and accounting firm as operational office. You need to understand taxation and business law of country Malaysia along with the general accounting guidelines.<\/p>\n\n\n\n<ul class=\"wp-block-list\">\n<li>Client timing is GMT+8:00, Your office hours is 07:30 AM &#8211; 05:30 PM<\/li>\n\n\n\n<li>Right candidate may have opportunity to work in Malaysia for short\/long term.<\/li>\n\n\n\n<li>Work Location in India: Tarakeshwar Bus Stand, Hooghly.<\/li>\n\n\n\n<li>Flexibility of Working from Home (After 6 months of working).<\/li>\n\n\n\n<li>The training fee is Rs. 5000.00\/- <\/li>\n\n\n\n<li>Fee is only applicable for freshers; <strong>NO FEES<\/strong> will be charged from experienced candidates.<\/li>\n\n\n\n<li>The Training fee will be refunded if not placed after training is over.<\/li>\n<\/ul>\n\n\n\n<h2 class=\"wp-block-heading\">Responsibilities<\/h2>\n\n\n\n<ul class=\"wp-block-list\">\n<li>Understand and analyze different types of transactions from scanned documents, categorize them into a system.<\/li>\n\n\n\n<li>Maintaining financial reports, records and general ledger accounts of Clients business.<\/li>\n\n\n\n<li>Preparing journal entries, analyses, and account reconciliations and assisting with monthly closing processes.<\/li>\n\n\n\n<li>Verify accuracy of data, and identify and correct errors made by internal and external personnel<\/li>\n\n\n\n<li>Overall maintenance of operational management accounts<\/li>\n\n\n\n<li>Maintain and update records and reports for profit and loss, taxes, liabilities, and assets<\/li>\n\n\n\n<li>Responding to information requests, reviewing financial statements, and assisting with audits.<\/li>\n\n\n\n<li>Under Malaysian accounting and audit process and carry the same independently.<\/li>\n<\/ul>\n\n\n\n<h2 class=\"wp-block-heading\">Required skills and qualifications<\/h2>\n\n\n\n<ul class=\"wp-block-list\">\n<li>Bachelors of Commerce (or equivalent) in accounting, business accounting or finance.<\/li>\n<\/ul>\n\n\n\n<h2 class=\"wp-block-heading\">Salary Structure<\/h2>\n\n\n\n<div class=\"wp-block-columns is-layout-flex wp-container-core-columns-is-layout-9d6595d7 wp-block-columns-is-layout-flex\">\n<div class=\"wp-block-column has-luminous-vivid-amber-background-color has-background is-layout-flow wp-block-column-is-layout-flow\">\n<p><\/p>\n\n\n\n<h3 class=\"wp-block-heading has-text-align-center\">Training Period <\/h3>\n\n\n\n<h3 class=\"wp-block-heading has-text-align-center\">(01 month)<\/h3>\n\n\n\n<p class=\"has-text-align-center has-black-color has-text-color\"> (Via google meet.) <\/p>\n\n\n\n<p class=\"has-text-align-center has-black-color has-text-color\">Stipend: Rs 5,000.00 \/ month<\/p>\n\n\n\n<p class=\"has-text-align-center has-black-color has-text-color\">(Only for Experienced candidates)<\/p>\n<\/div>\n\n\n\n<div class=\"wp-block-column has-pale-cyan-blue-background-color has-background is-layout-flow wp-block-column-is-layout-flow\">\n<p><\/p>\n\n\n\n<h3 class=\"wp-block-heading has-text-align-center\"><strong>Probation Period <\/strong><\/h3>\n\n\n\n<h3 class=\"wp-block-heading has-text-align-center\">(0<strong>2 months) <\/strong><\/h3>\n\n\n\n<p class=\"has-text-align-center has-black-color has-text-color\">Only after passing the test and client interview. <\/p>\n\n\n\n<p class=\"has-text-align-center has-black-color has-text-color\">Stipend: Rs 7,000.00 \/ month<\/p>\n<\/div>\n\n\n\n<div class=\"wp-block-column has-vivid-green-cyan-background-color has-background is-layout-flow wp-block-column-is-layout-flow\">\n<p><\/p>\n\n\n\n<h3 class=\"wp-block-heading has-text-align-center\">P<strong>ermanent<\/strong><\/h3>\n\n\n\n<p class=\"has-text-align-center has-black-color has-text-color\">Salary: Rs. 6,000.00 + job incentive <\/p>\n\n\n\n<p class=\"has-text-align-center has-black-color has-text-color\">(Total up to 12k to 20k, per month for hard working professionals)<\/p>\n<\/div>\n<\/div>\n\n\n\n<h2 class=\"wp-block-heading\">Overall workflow<\/h2>\n\n\n<div class=\"wp-block-image\">\n<figure class=\"aligncenter size-full\"><img loading=\"lazy\" decoding=\"async\" width=\"859\" height=\"1483\" src=\"https:\/\/dwishaventures.com\/wp-content\/uploads\/2023\/06\/dv_accounting_wrok_work_flow.jpg\" alt=\"\" class=\"wp-image-1789\"\/><figcaption class=\"wp-element-caption\">Overall workflow<\/figcaption><\/figure>\n<\/div>\n\n\n<h2 class=\"wp-block-heading\">Work Type<\/h2>\n\n\n\n<ul class=\"wp-block-list\">\n<li>70-80 % of work is billable and 20-30% work is administrative\/learning which is non billable work.<\/li>\n\n\n\n<li><\/li>\n<\/ul>\n\n\n\n<h2 class=\"wp-block-heading has-text-align-left\">Join us now! Limited position available. <\/h2>\n\n\n\n<p class=\"has-text-align-center has-vivid-green-cyan-color has-text-color has-medium-font-size\"><strong>Fill this form below and submit.<\/strong><\/p>\n\n\n<div class=\"wpforms-container wpforms-container-full\" id=\"wpforms-1796\"><form id=\"wpforms-form-1796\" class=\"wpforms-validate wpforms-form wpforms-ajax-form\" data-formid=\"1796\" method=\"post\" enctype=\"multipart\/form-data\" action=\"\/de\/wp-json\/wp\/v2\/pages\/1785?wpforms_form_id=1796\" data-token=\"e1a1d04f562950e15c5dc6937944599b\"><noscript class=\"wpforms-error-noscript\">Bitte aktiviere JavaScript in deinem Browser, um dieses Formular fertigzustellen.<\/noscript><div class=\"wpforms-field-container\"><div id=\"wpforms-1796-field_1-container\" class=\"wpforms-field wpforms-field-name\" data-field-id=\"1\"><label class=\"wpforms-field-label\" for=\"wpforms-1796-field_1\">Name <span class=\"wpforms-required-label\">*<\/span><\/label><div class=\"wpforms-field-row wpforms-field-medium\"><div class=\"wpforms-field-row-block wpforms-first wpforms-one-half\"><input type=\"text\" id=\"wpforms-1796-field_1\" class=\"wpforms-field-name-first wpforms-field-required\" name=\"wpforms[fields][1][first]\" required><label for=\"wpforms-1796-field_1\" class=\"wpforms-field-sublabel after \">Vorname<\/label><\/div><div class=\"wpforms-field-row-block wpforms-one-half\"><input type=\"text\" id=\"wpforms-1796-field_1-last\" class=\"wpforms-field-name-last wpforms-field-required\" name=\"wpforms[fields][1][last]\" required><label for=\"wpforms-1796-field_1-last\" class=\"wpforms-field-sublabel after \">Nachname<\/label><\/div><\/div><\/div><div id=\"wpforms-1796-field_2-container\" class=\"wpforms-field wpforms-field-email\" data-field-id=\"2\"><label class=\"wpforms-field-label\" for=\"wpforms-1796-field_2\">Email <span class=\"wpforms-required-label\">*<\/span><\/label><input type=\"email\" id=\"wpforms-1796-field_2\" class=\"wpforms-field-medium wpforms-field-required\" name=\"wpforms[fields][2]\" required><\/div><div id=\"wpforms-1796-field_3-container\" class=\"wpforms-field wpforms-field-phone\" data-field-id=\"3\"><label class=\"wpforms-field-label\" for=\"wpforms-1796-field_3\">Phone <span class=\"wpforms-required-label\">*<\/span><\/label><input type=\"tel\" id=\"wpforms-1796-field_3\" class=\"wpforms-field-medium wpforms-field-required wpforms-smart-phone-field\" data-rule-smart-phone-field=\"true\" name=\"wpforms[fields][3]\" required><div class=\"wpforms-field-description\">Preferably WhatsApp number<\/div><\/div><div id=\"wpforms-1796-field_8-container\" class=\"wpforms-field wpforms-field-text\" data-field-id=\"8\"><label class=\"wpforms-field-label\" for=\"wpforms-1796-field_8\">Address <span class=\"wpforms-required-label\">*<\/span><\/label><input type=\"text\" id=\"wpforms-1796-field_8\" class=\"wpforms-field-medium wpforms-field-required wpforms-limit-characters-enabled\" data-form-id=\"1796\" data-field-id=\"8\" data-text-limit=\"200\" name=\"wpforms[fields][8]\" maxlength=\"200\" required><\/div><div id=\"wpforms-1796-field_10-container\" class=\"wpforms-field wpforms-field-text\" data-field-id=\"10\"><label class=\"wpforms-field-label\" for=\"wpforms-1796-field_10\">Area <span class=\"wpforms-required-label\">*<\/span><\/label><input type=\"text\" id=\"wpforms-1796-field_10\" class=\"wpforms-field-medium wpforms-field-required wpforms-limit-characters-enabled\" data-form-id=\"1796\" data-field-id=\"10\" data-text-limit=\"20\" name=\"wpforms[fields][10]\" placeholder=\"Tarakeswar\" maxlength=\"20\" required><div class=\"wpforms-field-description\">Area like Tarakeswar \/ Gurap \/ Dasghara etc<\/div><\/div><div id=\"wpforms-1796-field_11-container\" class=\"wpforms-field wpforms-field-select wpforms-field-select-style-classic\" data-field-id=\"11\"><label class=\"wpforms-field-label\" for=\"wpforms-1796-field_11\">District <span class=\"wpforms-required-label\">*<\/span><\/label><select id=\"wpforms-1796-field_11\" class=\"wpforms-field-medium wpforms-field-required\" name=\"wpforms[fields][11]\" required=\"required\"><option value=\"Alipurduar\" >Alipurduar<\/option><option value=\"Bankura\" >Bankura<\/option><option value=\"Birbhum\" >Birbhum<\/option><option value=\"Burdwan\" >Burdwan<\/option><option value=\"Cooch Behar\" >Cooch Behar<\/option><option value=\"Dakshin Dinajpur\" >Dakshin Dinajpur<\/option><option value=\"Darjeeling\" >Darjeeling<\/option><option value=\"Hooghly\"  selected='selected'>Hooghly<\/option><option value=\"Howrah\" >Howrah<\/option><option value=\"Jalpaiguri\" >Jalpaiguri<\/option><option value=\"Kalimpong\" >Kalimpong<\/option><option value=\"Kolkata\" >Kolkata<\/option><option value=\"Malda\" >Malda<\/option><option value=\"Murshidabad\" >Murshidabad<\/option><option value=\"Nadia\" >Nadia<\/option><option value=\"North 24 Parganas\" >North 24 Parganas<\/option><option value=\"Paschim Medinipur\" >Paschim Medinipur<\/option><option value=\"Purba Medinipur\" >Purba Medinipur<\/option><option value=\"Purulia\" >Purulia<\/option><option value=\"South 24 Parganas\" >South 24 Parganas<\/option><option value=\"Uttar Dinajpur\" >Uttar Dinajpur<\/option><\/select><\/div><div id=\"wpforms-1796-field_6-container\" class=\"wpforms-field wpforms-field-file-upload\" data-field-id=\"6\"><label class=\"wpforms-field-label\" for=\"wpforms-1796-field_6\">Upload Resume <span class=\"wpforms-required-label\">*<\/span><\/label><div\n\t\tclass=\"wpforms-uploader\"\n\t\tdata-field-id=\"6\"\n\t\tdata-form-id=\"1796\"\n\t\tdata-input-name=\"wpforms_1796_6\"\n\t\tdata-extensions=\"docx,pdf,doc\"\n\t\tdata-max-size=\"5242880\"\n\t\tdata-max-file-number=\"1\"\n\t\tdata-post-max-size=\"2097152\"\n\t\tdata-max-parallel-uploads=\"4\"\n\t\tdata-parallel-uploads=\"true\"\n\t\tdata-file-chunk-size=\"2097152\">\n\t<div class=\"dz-message\">\n\t\t<svg viewBox=\"0 0 1024 1024\" focusable=\"false\" data-icon=\"inbox\" width=\"50px\" height=\"50px\" fill=\"#b1b1b1\" aria-hidden=\"true\">\n\t\t\t<path d=\"M885.2 446.3l-.2-.8-112.2-285.1c-5-16.1-19.9-27.2-36.8-27.2H281.2c-17 0-32.1 11.3-36.9 27.6L139.4 443l-.3.7-.2.8c-1.3 4.9-1.7 9.9-1 14.8-.1 1.6-.2 3.2-.2 4.8V830a60.9 60.9 0 0 0 60.8 60.8h627.2c33.5 0 60.8-27.3 60.9-60.8V464.1c0-1.3 0-2.6-.1-3.7.4-4.9 0-9.6-1.3-14.1zm-295.8-43l-.3 15.7c-.8 44.9-31.8 75.1-77.1 75.1-22.1 0-41.1-7.1-54.8-20.6S436 441.2 435.6 419l-.3-15.7H229.5L309 210h399.2l81.7 193.3H589.4zm-375 76.8h157.3c24.3 57.1 76 90.8 140.4 90.8 33.7 0 65-9.4 90.3-27.2 22.2-15.6 39.5-37.4 50.7-63.6h156.5V814H214.4V480.1z\"><\/path>\n\t\t<\/svg>\n\t\t<span class=\"modern-title\">Click or drag a file to this area to upload.<\/span>\n\n\t\t\t<\/div>\n<\/div>\n<input\n\t\ttype=\"text\"\n\t\tautocomplete=\"off\"\n\t\tclass=\"dropzone-input\"\n\t\tstyle=\"position:absolute!important;clip:rect(0,0,0,0)!important;height:1px!important;width:1px!important;border:0!important;overflow:hidden!important;padding:0!important;margin:0!important;\"\n\t\tid=\"wpforms-1796-field_6\"\n\t\tname=\"wpforms_1796_6\" required\t\tvalue=\"\">\n<div class=\"wpforms-field-description\">Upload your resume. Max size is 5MB and file must be in .doc\/.docx\/pdf<\/div><\/div><\/div><div class=\"wpforms-submit-container\"><input type=\"hidden\" name=\"wpforms[id]\" value=\"1796\"><input type=\"hidden\" name=\"wpforms[author]\" value=\"1\"><button type=\"submit\" name=\"wpforms[submit]\" id=\"wpforms-submit-1796\" class=\"wpforms-submit\" data-alt-text=\"Sending...\" data-submit-text=\"Apply\" aria-live=\"assertive\" value=\"wpforms-submit\">Apply<\/button><img loading=\"lazy\" decoding=\"async\" src=\"https:\/\/dwishaventures.com\/wp-content\/plugins\/wpforms\/assets\/images\/submit-spin.svg\" class=\"wpforms-submit-spinner\" style=\"display: none;\" width=\"26\" height=\"26\" alt=\"\"><\/div><\/form><\/div>  <!-- .wpforms-container -->\n","protected":false},"excerpt":{"rendered":"<p>Internationale Buchhaltungsschulung mit best\u00e4tigter Stellenbeschreibung. Arbeit f\u00fcr ein malaysisches Wirtschaftspr\u00fcfungs- und Buchhaltungsunternehmen als operatives B\u00fcro. Sie m\u00fcssen das Steuer- und Wirtschaftsrecht des Landes Malaysia verstehen sowie \u2026<\/p>","protected":false},"author":1,"featured_media":1806,"parent":0,"menu_order":0,"comment_status":"closed","ping_status":"closed","template":"","meta":{"footnotes":""},"class_list":["post-1785","page","type-page","status-publish","has-post-thumbnail","hentry"],"_links":{"self":[{"href":"https:\/\/dwishaventures.com\/de\/wp-json\/wp\/v2\/pages\/1785","targetHints":{"allow":["GET"]}}],"collection":[{"href":"https:\/\/dwishaventures.com\/de\/wp-json\/wp\/v2\/pages"}],"about":[{"href":"https:\/\/dwishaventures.com\/de\/wp-json\/wp\/v2\/types\/page"}],"author":[{"embeddable":true,"href":"https:\/\/dwishaventures.com\/de\/wp-json\/wp\/v2\/users\/1"}],"replies":[{"embeddable":true,"href":"https:\/\/dwishaventures.com\/de\/wp-json\/wp\/v2\/comments?post=1785"}],"version-history":[{"count":5,"href":"https:\/\/dwishaventures.com\/de\/wp-json\/wp\/v2\/pages\/1785\/revisions"}],"predecessor-version":[{"id":1832,"href":"https:\/\/dwishaventures.com\/de\/wp-json\/wp\/v2\/pages\/1785\/revisions\/1832"}],"wp:featuredmedia":[{"embeddable":true,"href":"https:\/\/dwishaventures.com\/de\/wp-json\/wp\/v2\/media\/1806"}],"wp:attachment":[{"href":"https:\/\/dwishaventures.com\/de\/wp-json\/wp\/v2\/media?parent=1785"}],"curies":[{"name":"wp","href":"https:\/\/api.w.org\/{rel}","templated":true}]}}